{"id":4120,"date":"2021-08-11T12:33:26","date_gmt":"2021-08-11T09:33:26","guid":{"rendered":"https:\/\/megamaxinvest.com\/?page_id=4120"},"modified":"2021-08-11T12:39:45","modified_gmt":"2021-08-11T09:39:45","slug":"%d8%b4%d9%82%d9%82","status":"publish","type":"page","link":"https:\/\/megamaxinvest.com\/ar\/%d8%b4%d9%82%d9%82\/","title":{"rendered":"\u0634\u0642\u0642"},"content":{"rendered":"<p>[vc_row][vc_column]<div class=\"iw-properties iw-property-listing-page iwp-grid\">\r\n    <div class=\"property-page-title\"><div class=\"iwp-orderby\"><form class=\"iwp-property-order\" method=\"get\"><div class=\"title-form\">\u0634\u0642\u0642<\/div><div class=\"iwp-field\"><div class=\"iwp-filter-list\"><select name=\"type\" onchange=\"this.form.submit()\" class=\"iwp-select-filter type\" data-show_search=\"\"><option value=\"\"  selected='selected'>\u0643\u0644 \u0627\u0646\u0648\u0627\u0639 \u0627\u0644\u0645\u0634\u0627\u0631\u064a\u0639 <\/option><option value=\"140\" >\u0622\u062c\u0627\u0631 \u0633\u064a\u0627\u062d\u064a<\/option><option value=\"23\" >\u0623\u0631\u0627\u0636\u064a<\/option><option value=\"17\" >\u0634\u0642\u0642<\/option><option value=\"29\" >\u0641\u064a\u0644\u0627\u062a<\/option><option value=\"22\" >\u0645\u062d\u0644\u0627\u062a \u062a\u062c\u0627\u0631\u064a\u0629<\/option><\/select><\/div><\/div><div class=\"iwp-field\"><div class=\"iwp-filter-list\"><select name=\"price\" onchange=\"this.form.submit()\" class=\"iwp-select-filter price\" data-show_search=\"\"><option value=\"\"  selected='selected'>\u0643\u0644 \u0627\u0644\u0623\u0633\u0639\u0627\u0631<\/option><option value=\"-100000\" >-$100,000<\/option><option value=\"100000-500000\" >$100,000-$500,000<\/option><option value=\"500000-1000000\" >$500,000-$1,000,000<\/option><option value=\"1000000-5000000\" >$1,000,000-$5,000,000<\/option><option value=\"5000000+\" >$5,000,000+<\/option><\/select><\/div><\/div><div class=\"iwp-field orderBy-layout\"><div class=\"iwp-switch-layout\"><ul>\r\n                <li class=\"active\">\r\n                    <a href=\"#\" class=\"iwp-layout iwp-properties-layout-grid\"><i class=\"ion-android-apps\"><\/i><\/a>\r\n                    <span class=\"iwp-layout\"><i class=\"ion-android-apps\"><\/i><\/span>\r\n                <\/li>\r\n                <li class=\"\">\r\n                    <a href=\"#\" class=\"iwp-layout iwp-properties-layout-list\"><i class=\"ion-android-menu\"><\/i><\/a>\r\n                    <span class=\"iwp-layout\"><i class=\"ion-android-menu\"><\/i><\/span>\r\n                <\/li>\r\n            <\/ul><\/div><div class=\"order-by\"><span class=\"title-order-by\">\u062a\u0631\u062a\u064a\u0628 \u062d\u0633\u0628<\/span><div class=\"iwp-filter-list\"><select name=\"orderby\" onchange=\"this.form.submit()\" class=\"iwp-select-filter orderby\" data-show_search=\"\"><option value=\"date\" >\u0645\u0634\u0627\u0631\u064a\u0639 \u062c\u062f\u064a\u062f\u0629<\/option><option value=\"featured\"  selected='selected'>\u0645\u0634\u0627\u0631\u064a\u0639 \u0645\u0645\u064a\u0632\u0629<\/option><option value=\"price_desc\" >\u0627\u0644\u0633\u0639\u0631 \u0627\u0644\u0627\u0639\u0644\u0649 \u0627\u0644\u0649 \u0627\u0644\u0627\u062f\u0646\u0649<\/option><option value=\"price_asc\" >\u0627\u0644\u0633\u0639\u0631 \u0645\u0646 \u0627\u0644\u0627\u062f\u0646\u0649 \u0644\u0644\u0627\u0639\u0644\u0649<\/option><\/select><\/div><\/div><\/div><\/form><\/div><\/div>    <div class=\"iwp-properties-items\">\r\n        <div class=\"row\"><div class=\"iwp-match-height\"><div class=\"col-md-6 col-sm-6 col-xs-12 element-item\"><div class=\"iw-property-item grid-item\" data-id=\"4502\">\r\n    <div class=\"iw-property-thumbnail iw-image-holder iw-effect-image-v1\">\r\n        <img loading=\"lazy\" decoding=\"async\" src=\"https:\/\/megamaxinvest.com\/wp-content\/uploads\/2021\/12\/2021-12-25-16_42_54-PHOTOS-Google-Drive-396x265.png\" width=\"396\" height=\"265\" alt=\"\">        <a class=\"iwp-thumb-link\" href=\"https:\/\/megamaxinvest.com\/ar\/property\/mmi-0013\/\"><\/a>\r\n                            <div class=\"iwp-meta-top\">\r\n                                    <a href=\"https:\/\/megamaxinvest.com\/ar\/label\/%d8%ac%d8%af%d9%8a%d8%af\/\" class=\"iw-meta-labels meta-item\" data-toggle=\"tooltip\" data-placement=\"bottom\" title=\"\u062c\u062f\u064a\u062f\" ><i class=\"ion-ios-flame\"><\/i><\/a>\r\n                                                    <a href=\"https:\/\/megamaxinvest.com\/ar\/status\/%d8%b4%d9%82%d9%82\/\" class=\"iw-meta-status meta-item\" >\u0634\u0642\u0642<\/a>\r\n                                                    <a href=\"https:\/\/megamaxinvest.com\/ar\/type\/%d8%b4%d9%82%d9%82\/\" class=\"iw-meta-types meta-item\" >\u0634\u0642\u0642<\/a>\r\n                                            <\/div>\r\n                <div class=\"iw-property-meta iwp-overlay-gradient for-style-list\">\r\n                                            <\/div>\r\n    <\/div>\r\n    <div class=\"iw-property-content grid-1\">\r\n        <div class=\"content-top\">\r\n            <h2 class=\"iw-property-title\"><a href=\"https:\/\/megamaxinvest.com\/ar\/property\/mmi-0013\/\">MMI-0013<\/a><\/h2>\r\n                            <p class=\"iw-property-address\"><i class=\"fa fa-map-marker\" aria-hidden=\"true\"><\/i> Ba\u015fak\u015fehir<\/p>\r\n                                    <div class=\"iw-property-meta for-style-grid\">\r\n                                                <span class=\"iw-meta-price for-style-grid\">\r\n                                            <span>$160,000<\/span> \/ \u0627\u0644\u0623\u0633\u0639\u0627\u0631 \u062a\u0628\u062f\u0623 \u0645\u0646 :                                    <\/span>\r\n            <\/div>\r\n            <div class=\"iw-property-meta for-style-list\">\r\n                                                            <\/div>\r\n                    <\/div>\r\n        <div class=\"iw-property-extra iw-display-table for-style-list\">\r\n                        <div class=\"iw-property-price iw-display-table-cell\">\r\n                                    <span class=\"iw-meta-price\"><span>$160,000<\/span> \/ \u0627\u0644\u0623\u0633\u0639\u0627\u0631 \u062a\u0628\u062f\u0623 \u0645\u0646 :<\/span>\r\n                                            <\/div>\r\n        <\/div>\r\n    <\/div>\r\n<\/div>\r\n<\/div><div class=\"col-md-6 col-sm-6 col-xs-12 element-item\"><div class=\"iw-property-item grid-item\" data-id=\"4487\">\r\n    <div class=\"iw-property-thumbnail iw-image-holder iw-effect-image-v1\">\r\n        <img loading=\"lazy\" decoding=\"async\" src=\"https:\/\/megamaxinvest.com\/wp-content\/uploads\/2021\/12\/2021-12-25-16_12_28-EXTERNAL-PHOTOS-Google-Drive-1-396x265.png\" width=\"396\" height=\"265\" alt=\"\">        <a class=\"iwp-thumb-link\" href=\"https:\/\/megamaxinvest.com\/ar\/property\/mmi-0012\/\"><\/a>\r\n                            <div class=\"iwp-meta-top\">\r\n                                    <a href=\"https:\/\/megamaxinvest.com\/ar\/label\/%d8%ac%d8%af%d9%8a%d8%af\/\" class=\"iw-meta-labels meta-item\" data-toggle=\"tooltip\" data-placement=\"bottom\" title=\"\u062c\u062f\u064a\u062f\" ><i class=\"ion-ios-flame\"><\/i><\/a>\r\n                                                    <a href=\"https:\/\/megamaxinvest.com\/ar\/status\/%d8%b4%d9%82%d9%82\/\" class=\"iw-meta-status meta-item\" >\u0634\u0642\u0642<\/a>\r\n                                                    <a href=\"https:\/\/megamaxinvest.com\/ar\/type\/%d8%b4%d9%82%d9%82\/\" class=\"iw-meta-types meta-item\" >\u0634\u0642\u0642<\/a>\r\n                                            <\/div>\r\n                <div class=\"iw-property-meta iwp-overlay-gradient for-style-list\">\r\n                                            <\/div>\r\n    <\/div>\r\n    <div class=\"iw-property-content grid-1\">\r\n        <div class=\"content-top\">\r\n            <h2 class=\"iw-property-title\"><a href=\"https:\/\/megamaxinvest.com\/ar\/property\/mmi-0012\/\">MMI-0012<\/a><\/h2>\r\n                            <p class=\"iw-property-address\"><i class=\"fa fa-map-marker\" aria-hidden=\"true\"><\/i> Beylikd\u00fcz\u00fc<\/p>\r\n                                    <div class=\"iw-property-meta for-style-grid\">\r\n                                                <span class=\"iw-meta-price for-style-grid\">\r\n                                            <span>$145,000<\/span> \/ \u0627\u0644\u0623\u0633\u0639\u0627\u0631 \u062a\u0628\u062f\u0623 \u0645\u0646 :                                    <\/span>\r\n            <\/div>\r\n            <div class=\"iw-property-meta for-style-list\">\r\n                                                            <\/div>\r\n                    <\/div>\r\n        <div class=\"iw-property-extra iw-display-table for-style-list\">\r\n                        <div class=\"iw-property-price iw-display-table-cell\">\r\n                                    <span class=\"iw-meta-price\"><span>$145,000<\/span> \/ \u0627\u0644\u0623\u0633\u0639\u0627\u0631 \u062a\u0628\u062f\u0623 \u0645\u0646 :<\/span>\r\n                                            <\/div>\r\n        <\/div>\r\n    <\/div>\r\n<\/div>\r\n<\/div><div class=\"col-md-6 col-sm-6 col-xs-12 element-item\"><div class=\"iw-property-item grid-item\" data-id=\"4454\">\r\n    <div class=\"iw-property-thumbnail iw-image-holder iw-effect-image-v1\">\r\n        <img loading=\"lazy\" decoding=\"async\" src=\"https:\/\/megamaxinvest.com\/wp-content\/uploads\/2021\/12\/4-396x265.jpg\" width=\"396\" height=\"265\" alt=\"\">        <a class=\"iwp-thumb-link\" href=\"https:\/\/megamaxinvest.com\/ar\/property\/mmi-0011\/\"><\/a>\r\n                            <div class=\"iwp-meta-top\">\r\n                                    <a href=\"https:\/\/megamaxinvest.com\/ar\/label\/%d8%ac%d8%af%d9%8a%d8%af\/\" class=\"iw-meta-labels meta-item\" data-toggle=\"tooltip\" data-placement=\"bottom\" title=\"\u062c\u062f\u064a\u062f\" ><i class=\"ion-ios-flame\"><\/i><\/a>\r\n                                                    <a href=\"https:\/\/megamaxinvest.com\/ar\/status\/%d8%b4%d9%82%d9%82\/\" class=\"iw-meta-status meta-item\" >\u0634\u0642\u0642<\/a>\r\n                                                    <a href=\"https:\/\/megamaxinvest.com\/ar\/type\/%d8%b4%d9%82%d9%82\/\" class=\"iw-meta-types meta-item\" >\u0634\u0642\u0642<\/a>\r\n                                            <\/div>\r\n                <div class=\"iw-property-meta iwp-overlay-gradient for-style-list\">\r\n                                            <\/div>\r\n    <\/div>\r\n    <div class=\"iw-property-content grid-1\">\r\n        <div class=\"content-top\">\r\n            <h2 class=\"iw-property-title\"><a href=\"https:\/\/megamaxinvest.com\/ar\/property\/mmi-0011\/\">MMI-0011<\/a><\/h2>\r\n                            <p class=\"iw-property-address\"><i class=\"fa fa-map-marker\" aria-hidden=\"true\"><\/i> Sancaktepe<\/p>\r\n                                    <div class=\"iw-property-meta for-style-grid\">\r\n                                                <span class=\"iw-meta-price for-style-grid\">\r\n                                            <span>$150,000<\/span> \/ \u0627\u0644\u0623\u0633\u0639\u0627\u0631 \u062a\u0628\u062f\u0623 \u0645\u0646 :                                    <\/span>\r\n            <\/div>\r\n            <div class=\"iw-property-meta for-style-list\">\r\n                                                            <\/div>\r\n                    <\/div>\r\n        <div class=\"iw-property-extra iw-display-table for-style-list\">\r\n                        <div class=\"iw-property-price iw-display-table-cell\">\r\n                                    <span class=\"iw-meta-price\"><span>$150,000<\/span> \/ \u0627\u0644\u0623\u0633\u0639\u0627\u0631 \u062a\u0628\u062f\u0623 \u0645\u0646 :<\/span>\r\n                                            <\/div>\r\n        <\/div>\r\n    <\/div>\r\n<\/div>\r\n<\/div><div class=\"col-md-6 col-sm-6 col-xs-12 element-item\"><div class=\"iw-property-item grid-item\" data-id=\"4055\">\r\n    <div class=\"iw-property-thumbnail iw-image-holder iw-effect-image-v1\">\r\n        <img loading=\"lazy\" decoding=\"async\" src=\"https:\/\/megamaxinvest.com\/wp-content\/uploads\/2021\/08\/11-396x265.jpg\" width=\"396\" height=\"265\" alt=\"\">        <a class=\"iwp-thumb-link\" href=\"https:\/\/megamaxinvest.com\/ar\/property\/mmi-0001\/\"><\/a>\r\n                            <div class=\"iwp-meta-top\">\r\n                                    <a href=\"https:\/\/megamaxinvest.com\/ar\/label\/%d8%ac%d8%af%d9%8a%d8%af\/\" class=\"iw-meta-labels meta-item\" data-toggle=\"tooltip\" data-placement=\"bottom\" title=\"\u062c\u062f\u064a\u062f\" ><i class=\"ion-ios-flame\"><\/i><\/a>\r\n                                                    <a href=\"https:\/\/megamaxinvest.com\/ar\/status\/%d8%b4%d9%82%d9%82\/\" class=\"iw-meta-status meta-item\" >\u0634\u0642\u0642<\/a>\r\n                                                    <a href=\"https:\/\/megamaxinvest.com\/ar\/type\/%d8%b4%d9%82%d9%82\/\" class=\"iw-meta-types meta-item\" >\u0634\u0642\u0642<\/a>\r\n                                            <\/div>\r\n                <div class=\"iw-property-meta iwp-overlay-gradient for-style-list\">\r\n                                            <\/div>\r\n    <\/div>\r\n    <div class=\"iw-property-content grid-1\">\r\n        <div class=\"content-top\">\r\n            <h2 class=\"iw-property-title\"><a href=\"https:\/\/megamaxinvest.com\/ar\/property\/mmi-0001\/\">MMI-0001<\/a><\/h2>\r\n                            <p class=\"iw-property-address\"><i class=\"fa fa-map-marker\" aria-hidden=\"true\"><\/i> KARTAL<\/p>\r\n                                    <div class=\"iw-property-meta for-style-grid\">\r\n                                                <span class=\"iw-meta-price for-style-grid\">\r\n                                            <span>$60,000<\/span> \/ \u0627\u0644\u0623\u0633\u0639\u0627\u0631 \u062a\u0628\u062f\u0623 \u0645\u0646 :                                    <\/span>\r\n            <\/div>\r\n            <div class=\"iw-property-meta for-style-list\">\r\n                                                            <\/div>\r\n                    <\/div>\r\n        <div class=\"iw-property-extra iw-display-table for-style-list\">\r\n                        <div class=\"iw-property-price iw-display-table-cell\">\r\n                                    <span class=\"iw-meta-price\"><span>$60,000<\/span> \/ \u0627\u0644\u0623\u0633\u0639\u0627\u0631 \u062a\u0628\u062f\u0623 \u0645\u0646 :<\/span>\r\n                                            <\/div>\r\n        <\/div>\r\n    <\/div>\r\n<\/div>\r\n<\/div><div class=\"col-md-6 col-sm-6 col-xs-12 element-item\"><div class=\"iw-property-item grid-item\" data-id=\"4040\">\r\n    <div class=\"iw-property-thumbnail iw-image-holder iw-effect-image-v1\">\r\n        <img loading=\"lazy\" decoding=\"async\" src=\"https:\/\/megamaxinvest.com\/wp-content\/uploads\/2021\/08\/1-1-396x265.jpg\" width=\"396\" height=\"265\" alt=\"\">        <a class=\"iwp-thumb-link\" href=\"https:\/\/megamaxinvest.com\/ar\/property\/mmi-0002\/\"><\/a>\r\n                    <div class=\"iw-property-author iwp-overlay-gradient for-style-grid\">\r\n                                            <\/div>\r\n                            <div class=\"iwp-meta-top\">\r\n                                    <a href=\"https:\/\/megamaxinvest.com\/ar\/label\/%d8%ac%d8%af%d9%8a%d8%af\/\" class=\"iw-meta-labels meta-item\" data-toggle=\"tooltip\" data-placement=\"bottom\" title=\"\u062c\u062f\u064a\u062f\" ><i class=\"ion-ios-flame\"><\/i><\/a>\r\n                                                    <a href=\"https:\/\/megamaxinvest.com\/ar\/status\/%d8%b4%d9%82%d9%82\/\" class=\"iw-meta-status meta-item\" >\u0634\u0642\u0642<\/a>\r\n                                                    <a href=\"https:\/\/megamaxinvest.com\/ar\/type\/%d8%b4%d9%82%d9%82\/\" class=\"iw-meta-types meta-item\" >\u0634\u0642\u0642<\/a>\r\n                                            <\/div>\r\n                <div class=\"iw-property-meta iwp-overlay-gradient for-style-list\">\r\n                                            <\/div>\r\n    <\/div>\r\n    <div class=\"iw-property-content grid-1\">\r\n        <div class=\"content-top\">\r\n            <h2 class=\"iw-property-title\"><a href=\"https:\/\/megamaxinvest.com\/ar\/property\/mmi-0002\/\">MMI-0002<\/a><\/h2>\r\n                            <p class=\"iw-property-address\"><i class=\"fa fa-map-marker\" aria-hidden=\"true\"><\/i> AVCILAR \/ ISTANBUL<\/p>\r\n                                    <div class=\"iw-property-meta for-style-grid\">\r\n                                                <span class=\"iw-meta-price for-style-grid\">\r\n                                            <span>$150,000<\/span> \/ \u0627\u0644\u0623\u0633\u0639\u0627\u0631 \u062a\u0628\u062f\u0623 \u0645\u0646 :                                    <\/span>\r\n            <\/div>\r\n            <div class=\"iw-property-meta for-style-list\">\r\n                                                            <\/div>\r\n                    <\/div>\r\n        <div class=\"iw-property-extra iw-display-table for-style-list\">\r\n                        <div class=\"iw-property-price iw-display-table-cell\">\r\n                                    <span class=\"iw-meta-price\"><span>$150,000<\/span> \/ \u0627\u0644\u0623\u0633\u0639\u0627\u0631 \u062a\u0628\u062f\u0623 \u0645\u0646 :<\/span>\r\n                                            <\/div>\r\n        <\/div>\r\n    <\/div>\r\n<\/div>\r\n<\/div><div class=\"col-md-6 col-sm-6 col-xs-12 element-item\"><div class=\"iw-property-item grid-item\" data-id=\"4021\">\r\n    <div class=\"iw-property-thumbnail iw-image-holder iw-effect-image-v1\">\r\n        <img loading=\"lazy\" decoding=\"async\" src=\"https:\/\/megamaxinvest.com\/wp-content\/uploads\/2021\/08\/3-396x265.jpg\" width=\"396\" height=\"265\" alt=\"\">        <a class=\"iwp-thumb-link\" href=\"https:\/\/megamaxinvest.com\/ar\/property\/mmi-0003\/\"><\/a>\r\n                    <div class=\"iw-property-author iwp-overlay-gradient for-style-grid\">\r\n                                            <\/div>\r\n                            <div class=\"iwp-meta-top\">\r\n                                    <a href=\"https:\/\/megamaxinvest.com\/ar\/label\/%d8%ac%d8%af%d9%8a%d8%af\/\" class=\"iw-meta-labels meta-item\" data-toggle=\"tooltip\" data-placement=\"bottom\" title=\"\u062c\u062f\u064a\u062f\" ><i class=\"ion-ios-flame\"><\/i><\/a>\r\n                                                    <a href=\"https:\/\/megamaxinvest.com\/ar\/status\/%d8%b4%d9%82%d9%82\/\" class=\"iw-meta-status meta-item\" >\u0634\u0642\u0642<\/a>\r\n                                                    <a href=\"https:\/\/megamaxinvest.com\/ar\/type\/%d8%b4%d9%82%d9%82\/\" class=\"iw-meta-types meta-item\" >\u0634\u0642\u0642<\/a>\r\n                                            <\/div>\r\n                <div class=\"iw-property-meta iwp-overlay-gradient for-style-list\">\r\n                                            <\/div>\r\n    <\/div>\r\n    <div class=\"iw-property-content grid-1\">\r\n        <div class=\"content-top\">\r\n            <h2 class=\"iw-property-title\"><a href=\"https:\/\/megamaxinvest.com\/ar\/property\/mmi-0003\/\">MMI-0003<\/a><\/h2>\r\n                            <p class=\"iw-property-address\"><i class=\"fa fa-map-marker\" aria-hidden=\"true\"><\/i> Topkapi<\/p>\r\n                                    <div class=\"iw-property-meta for-style-grid\">\r\n                                                <span class=\"iw-meta-price for-style-grid\">\r\n                                            <span>$250,000<\/span> \/ \u0627\u0644\u0623\u0633\u0639\u0627\u0631 \u062a\u0628\u062f\u0623 \u0645\u0646 :                                    <\/span>\r\n            <\/div>\r\n            <div class=\"iw-property-meta for-style-list\">\r\n                                                            <\/div>\r\n                    <\/div>\r\n        <div class=\"iw-property-extra iw-display-table for-style-list\">\r\n                        <div class=\"iw-property-price iw-display-table-cell\">\r\n                                    <span class=\"iw-meta-price\"><span>$250,000<\/span> \/ \u0627\u0644\u0623\u0633\u0639\u0627\u0631 \u062a\u0628\u062f\u0623 \u0645\u0646 :<\/span>\r\n                                            <\/div>\r\n        <\/div>\r\n    <\/div>\r\n<\/div>\r\n<\/div><div class=\"col-md-6 col-sm-6 col-xs-12 element-item\"><div class=\"iw-property-item grid-item\" data-id=\"3663\">\r\n    <div class=\"iw-property-thumbnail iw-image-holder iw-effect-image-v1\">\r\n        <img loading=\"lazy\" decoding=\"async\" src=\"https:\/\/megamaxinvest.com\/wp-content\/uploads\/2021\/07\/atakent-hakkinda-396x265.jpg\" width=\"396\" height=\"265\" alt=\"\">        <a class=\"iwp-thumb-link\" href=\"https:\/\/megamaxinvest.com\/ar\/property\/mmi-0005\/\"><\/a>\r\n                            <div class=\"iwp-meta-top\">\r\n                                    <a href=\"https:\/\/megamaxinvest.com\/ar\/label\/%d8%ac%d8%af%d9%8a%d8%af\/\" class=\"iw-meta-labels meta-item\" data-toggle=\"tooltip\" data-placement=\"bottom\" title=\"\u062c\u062f\u064a\u062f\" ><i class=\"ion-ios-flame\"><\/i><\/a>\r\n                                                    <a href=\"https:\/\/megamaxinvest.com\/ar\/status\/%d8%b4%d9%82%d9%82\/\" class=\"iw-meta-status meta-item\" >\u0634\u0642\u0642<\/a>\r\n                                                    <a href=\"https:\/\/megamaxinvest.com\/ar\/type\/%d8%b4%d9%82%d9%82\/\" class=\"iw-meta-types meta-item\" >\u0634\u0642\u0642<\/a>\r\n                                            <\/div>\r\n                <div class=\"iw-property-meta iwp-overlay-gradient for-style-list\">\r\n                                            <\/div>\r\n    <\/div>\r\n    <div class=\"iw-property-content grid-1\">\r\n        <div class=\"content-top\">\r\n            <h2 class=\"iw-property-title\"><a href=\"https:\/\/megamaxinvest.com\/ar\/property\/mmi-0005\/\">MMI-0005<\/a><\/h2>\r\n                            <p class=\"iw-property-address\"><i class=\"fa fa-map-marker\" aria-hidden=\"true\"><\/i> K\u00fc\u00e7\u00fck\u00e7ekmece<\/p>\r\n                                    <div class=\"iw-property-meta for-style-grid\">\r\n                                                <span class=\"iw-meta-price for-style-grid\">\r\n                                            <span>$180,000<\/span> \/ \u0627\u0644\u0623\u0633\u0639\u0627\u0631 \u062a\u0628\u062f\u0623 \u0645\u0646 :                                    <\/span>\r\n            <\/div>\r\n            <div class=\"iw-property-meta for-style-list\">\r\n                                                            <\/div>\r\n                    <\/div>\r\n        <div class=\"iw-property-extra iw-display-table for-style-list\">\r\n                        <div class=\"iw-property-price iw-display-table-cell\">\r\n                                    <span class=\"iw-meta-price\"><span>$180,000<\/span> \/ \u0627\u0644\u0623\u0633\u0639\u0627\u0631 \u062a\u0628\u062f\u0623 \u0645\u0646 :<\/span>\r\n                                            <\/div>\r\n        <\/div>\r\n    <\/div>\r\n<\/div>\r\n<\/div><div class=\"col-md-6 col-sm-6 col-xs-12 element-item\"><div class=\"iw-property-item grid-item\" data-id=\"3605\">\r\n    <div class=\"iw-property-thumbnail iw-image-holder iw-effect-image-v1\">\r\n        <img loading=\"lazy\" decoding=\"async\" src=\"https:\/\/megamaxinvest.com\/wp-content\/uploads\/2021\/07\/\u0628\u0627\u0634\u0627\u0643-\u0634\u0647\u064a\u0631-\u0623\u0641\u0631\u0627\u0633\u064a\u0627-Basaksehir-avrasya-Konutlari-4-396x265.jpg\" width=\"396\" height=\"265\" alt=\"\">        <a class=\"iwp-thumb-link\" href=\"https:\/\/megamaxinvest.com\/ar\/property\/mmi-0009\/\"><\/a>\r\n                    <div class=\"iw-property-author iwp-overlay-gradient for-style-grid\">\r\n                                            <\/div>\r\n                            <div class=\"iwp-meta-top\">\r\n                                    <a href=\"https:\/\/megamaxinvest.com\/ar\/label\/%d8%ac%d8%af%d9%8a%d8%af\/\" class=\"iw-meta-labels meta-item\" data-toggle=\"tooltip\" data-placement=\"bottom\" title=\"\u062c\u062f\u064a\u062f\" ><i class=\"ion-ios-flame\"><\/i><\/a>\r\n                                                    <a href=\"https:\/\/megamaxinvest.com\/ar\/status\/%d8%b4%d9%82%d9%82\/\" class=\"iw-meta-status meta-item\" >\u0634\u0642\u0642<\/a>\r\n                                                    <a href=\"https:\/\/megamaxinvest.com\/ar\/type\/%d8%b4%d9%82%d9%82\/\" class=\"iw-meta-types meta-item\" >\u0634\u0642\u0642<\/a>\r\n                                            <\/div>\r\n                <div class=\"iw-property-meta iwp-overlay-gradient for-style-list\">\r\n                                            <\/div>\r\n    <\/div>\r\n    <div class=\"iw-property-content grid-1\">\r\n        <div class=\"content-top\">\r\n            <h2 class=\"iw-property-title\"><a href=\"https:\/\/megamaxinvest.com\/ar\/property\/mmi-0009\/\">MMI-0009<\/a><\/h2>\r\n                            <p class=\"iw-property-address\"><i class=\"fa fa-map-marker\" aria-hidden=\"true\"><\/i> ba\u015fak\u015fehir<\/p>\r\n                                    <div class=\"iw-property-meta for-style-grid\">\r\n                                                <span class=\"iw-meta-price for-style-grid\">\r\n                                            <span>$190,000<\/span> \/ \u0627\u0644\u0623\u0633\u0639\u0627\u0631 \u062a\u0628\u062f\u0623 \u0645\u0646 :                                    <\/span>\r\n            <\/div>\r\n            <div class=\"iw-property-meta for-style-list\">\r\n                                                            <\/div>\r\n                    <\/div>\r\n        <div class=\"iw-property-extra iw-display-table for-style-list\">\r\n                        <div class=\"iw-property-price iw-display-table-cell\">\r\n                                    <span class=\"iw-meta-price\"><span>$190,000<\/span> \/ \u0627\u0644\u0623\u0633\u0639\u0627\u0631 \u062a\u0628\u062f\u0623 \u0645\u0646 :<\/span>\r\n                                            <\/div>\r\n        <\/div>\r\n    <\/div>\r\n<\/div>\r\n<\/div><\/div><\/div>    <\/div>\r\n\r\n    <\/div>[\/vc_column][\/vc_row]<\/p>\n","protected":false},"excerpt":{"rendered":"<p>[vc_row][vc_column][\/vc_column][\/vc_row]<\/p>\n","protected":false},"author":1,"featured_media":0,"parent":0,"menu_order":0,"comment_status":"closed","ping_status":"closed","template":"page-templates\/no-background.php","meta":{"footnotes":""},"_links":{"self":[{"href":"https:\/\/megamaxinvest.com\/ar\/wp-json\/wp\/v2\/pages\/4120"}],"collection":[{"href":"https:\/\/megamaxinvest.com\/ar\/wp-json\/wp\/v2\/pages"}],"about":[{"href":"https:\/\/megamaxinvest.com\/ar\/wp-json\/wp\/v2\/types\/page"}],"author":[{"embeddable":true,"href":"https:\/\/megamaxinvest.com\/ar\/wp-json\/wp\/v2\/users\/1"}],"replies":[{"embeddable":true,"href":"https:\/\/megamaxinvest.com\/ar\/wp-json\/wp\/v2\/comments?post=4120"}],"version-history":[{"count":0,"href":"https:\/\/megamaxinvest.com\/ar\/wp-json\/wp\/v2\/pages\/4120\/revisions"}],"wp:attachment":[{"href":"https:\/\/megamaxinvest.com\/ar\/wp-json\/wp\/v2\/media?parent=4120"}],"curies":[{"name":"wp","href":"https:\/\/api.w.org\/{rel}","templated":true}]}}